{"id":626,"date":"2024-01-11T13:14:53","date_gmt":"2024-01-11T13:14:53","guid":{"rendered":"https:\/\/aloxo.cl\/?post_type=product&#038;p=626"},"modified":"2025-06-25T20:55:30","modified_gmt":"2025-06-25T20:55:30","slug":"repelente-aloxo-spray-165ml","status":"publish","type":"product","link":"https:\/\/aloxo.cl\/?product=repelente-aloxo-spray-165ml","title":{"rendered":"Polirepelente Aloxo Spray 165ml"},"content":{"rendered":"<p><strong>Formato<\/strong>:\u00a0 Spray 160ml.<\/p>\n<p><strong>Marca:\u00a0<\/strong>Aloxo.<\/p>\n<p><strong>Descripci\u00f3n del producto:\u00a0<\/strong>El Polirepelente ALOXO Loci\u00f3n spray sin gas a 30% DEET, est\u00e1 formulado para dar una protecci\u00f3n efectiva y duradera de 8 horas y m\u00e1s.<br \/>\nEsta loci\u00f3n es hipoalerg\u00e9nica y no grasa.<br \/>\nALOXO Polirepelente brinda seguridad contra las molestas y picaduras de zancudos, moscas, mosquitos, chinches, garrapatas, pulgas, t\u00e1banos, jejenes, polcos y otros insectos picadores.<br \/>\nEl Polirepelente Aloxo te libera de las picaduras del Zancudo Cebra (mosquito Aedes aegypti) trasmisor de enfermedades tales como: Dengue, Malaria, Zika, Fiebre Amarilla, Chikungunya y virus Mayaro.<\/p>\n<p><strong>Registro I.S.P. (Instituto de Salud P\u00fablica de Chile)<\/strong>\u00a0N\u00b0233C-198<\/p>\n<p><strong>C\u00f3digo de producto:<\/strong>\u00a04101.<\/p>\n","protected":false},"excerpt":{"rendered":"<p>Formato:\u00a0 Spray 160ml. Marca:\u00a0Aloxo. Descripci\u00f3n del producto:\u00a0El Polirepelente ALOXO Loci\u00f3n spray sin gas a 30% DEET, est\u00e1 formulado para dar una protecci\u00f3n efectiva y duradera de 8 horas y m\u00e1s. Esta loci\u00f3n es hipoalerg\u00e9nica y no grasa. ALOXO Polirepelente brinda seguridad contra las molestas y picaduras de zancudos, moscas, mosquitos, chinches, garrapatas, pulgas, t\u00e1banos, jejenes, [&hellip;]<\/p>\n","protected":false},"featured_media":857,"comment_status":"closed","ping_status":"closed","template":"","meta":[],"product_brand":[],"product_cat":[18],"product_tag":[],"class_list":{"0":"post-626","1":"product","2":"type-product","3":"status-publish","4":"has-post-thumbnail","6":"product_cat-sin-categorizar","8":"first","9":"outofstock","10":"taxable","11":"shipping-taxable","12":"purchasable","13":"product-type-simple"},"yoast_head":"<!-- This site is optimized with the Yoast SEO plugin v25.6 - https:\/\/yoast.com\/wordpress\/plugins\/seo\/ -->\n<title>Polirepelente Aloxo Spray 165ml -<\/title>\n<meta name=\"robots\" content=\"index, follow, max-snippet:-1, max-image-preview:large, max-video-preview:-1\" \/>\n<link rel=\"canonical\" href=\"https:\/\/aloxo.cl\/?product=repelente-aloxo-spray-165ml\" \/>\n<meta property=\"og:locale\" content=\"es_ES\" \/>\n<meta property=\"og:type\" content=\"article\" \/>\n<meta property=\"og:title\" content=\"Polirepelente Aloxo Spray 165ml -\" \/>\n<meta property=\"og:description\" content=\"Formato:\u00a0 Spray 160ml. Marca:\u00a0Aloxo. Descripci\u00f3n del producto:\u00a0El Polirepelente ALOXO Loci\u00f3n spray sin gas a 30% DEET, est\u00e1 formulado para dar una protecci\u00f3n efectiva y duradera de 8 horas y m\u00e1s. Esta loci\u00f3n es hipoalerg\u00e9nica y no grasa. ALOXO Polirepelente brinda seguridad contra las molestas y picaduras de zancudos, moscas, mosquitos, chinches, garrapatas, pulgas, t\u00e1banos, jejenes, [&hellip;]\" \/>\n<meta property=\"og:url\" content=\"https:\/\/aloxo.cl\/?product=repelente-aloxo-spray-165ml\" \/>\n<meta property=\"article:publisher\" content=\"https:\/\/web.facebook.com\/repelentealoxo\" \/>\n<meta property=\"article:modified_time\" content=\"2025-06-25T20:55:30+00:00\" \/>\n<meta property=\"og:image\" content=\"https:\/\/aloxo.cl\/wp-content\/uploads\/2024\/01\/Aloxo-165-ml_ok_AGOTADO.png\" \/>\n\t<meta property=\"og:image:width\" content=\"666\" \/>\n\t<meta property=\"og:image:height\" content=\"666\" \/>\n\t<meta property=\"og:image:type\" content=\"image\/png\" \/>\n<meta name=\"twitter:card\" content=\"summary_large_image\" \/>\n<meta name=\"twitter:label1\" content=\"Tiempo de lectura\" \/>\n\t<meta name=\"twitter:data1\" content=\"1 minuto\" \/>\n<script type=\"application\/ld+json\" class=\"yoast-schema-graph\">{\"@context\":\"https:\/\/schema.org\",\"@graph\":[{\"@type\":\"WebPage\",\"@id\":\"https:\/\/aloxo.cl\/?product=repelente-aloxo-spray-165ml\",\"url\":\"https:\/\/aloxo.cl\/?product=repelente-aloxo-spray-165ml\",\"name\":\"Polirepelente Aloxo Spray 165ml -\",\"isPartOf\":{\"@id\":\"https:\/\/aloxo.cl\/#website\"},\"primaryImageOfPage\":{\"@id\":\"https:\/\/aloxo.cl\/?product=repelente-aloxo-spray-165ml#primaryimage\"},\"image\":{\"@id\":\"https:\/\/aloxo.cl\/?product=repelente-aloxo-spray-165ml#primaryimage\"},\"thumbnailUrl\":\"https:\/\/aloxo.cl\/wp-content\/uploads\/2024\/01\/Aloxo-165-ml_ok_AGOTADO.png\",\"datePublished\":\"2024-01-11T13:14:53+00:00\",\"dateModified\":\"2025-06-25T20:55:30+00:00\",\"breadcrumb\":{\"@id\":\"https:\/\/aloxo.cl\/?product=repelente-aloxo-spray-165ml#breadcrumb\"},\"inLanguage\":\"es\",\"potentialAction\":[{\"@type\":\"ReadAction\",\"target\":[\"https:\/\/aloxo.cl\/?product=repelente-aloxo-spray-165ml\"]}]},{\"@type\":\"ImageObject\",\"inLanguage\":\"es\",\"@id\":\"https:\/\/aloxo.cl\/?product=repelente-aloxo-spray-165ml#primaryimage\",\"url\":\"https:\/\/aloxo.cl\/wp-content\/uploads\/2024\/01\/Aloxo-165-ml_ok_AGOTADO.png\",\"contentUrl\":\"https:\/\/aloxo.cl\/wp-content\/uploads\/2024\/01\/Aloxo-165-ml_ok_AGOTADO.png\",\"width\":666,\"height\":666,\"caption\":\"aloxo spray agotado\"},{\"@type\":\"BreadcrumbList\",\"@id\":\"https:\/\/aloxo.cl\/?product=repelente-aloxo-spray-165ml#breadcrumb\",\"itemListElement\":[{\"@type\":\"ListItem\",\"position\":1,\"name\":\"Portada\",\"item\":\"https:\/\/aloxo.cl\/\"},{\"@type\":\"ListItem\",\"position\":2,\"name\":\"Tienda\",\"item\":\"https:\/\/aloxo.cl\/?page_id=564\"},{\"@type\":\"ListItem\",\"position\":3,\"name\":\"Polirepelente Aloxo Spray 165ml\"}]},{\"@type\":\"WebSite\",\"@id\":\"https:\/\/aloxo.cl\/#website\",\"url\":\"https:\/\/aloxo.cl\/\",\"name\":\"ALOXO\",\"description\":\"Te cuida a Ti y  al Medio Ambiente\",\"publisher\":{\"@id\":\"https:\/\/aloxo.cl\/#organization\"},\"potentialAction\":[{\"@type\":\"SearchAction\",\"target\":{\"@type\":\"EntryPoint\",\"urlTemplate\":\"https:\/\/aloxo.cl\/?s={search_term_string}\"},\"query-input\":{\"@type\":\"PropertyValueSpecification\",\"valueRequired\":true,\"valueName\":\"search_term_string\"}}],\"inLanguage\":\"es\"},{\"@type\":\"Organization\",\"@id\":\"https:\/\/aloxo.cl\/#organization\",\"name\":\"ALOXO\",\"url\":\"https:\/\/aloxo.cl\/\",\"logo\":{\"@type\":\"ImageObject\",\"inLanguage\":\"es\",\"@id\":\"https:\/\/aloxo.cl\/#\/schema\/logo\/image\/\",\"url\":\"https:\/\/aloxo.cl\/wp-content\/uploads\/2019\/02\/cropped-portadas_web_aloxo_slider-LOGO.png\",\"contentUrl\":\"https:\/\/aloxo.cl\/wp-content\/uploads\/2019\/02\/cropped-portadas_web_aloxo_slider-LOGO.png\",\"width\":1500,\"height\":801,\"caption\":\"ALOXO\"},\"image\":{\"@id\":\"https:\/\/aloxo.cl\/#\/schema\/logo\/image\/\"},\"sameAs\":[\"https:\/\/web.facebook.com\/repelentealoxo\",\"https:\/\/www.instagram.com\/repelentealoxo\/\"]}]}<\/script>\n<!-- \/ Yoast SEO plugin. -->","yoast_head_json":{"title":"Polirepelente Aloxo Spray 165ml -","robots":{"index":"index","follow":"follow","max-snippet":"max-snippet:-1","max-image-preview":"max-image-preview:large","max-video-preview":"max-video-preview:-1"},"canonical":"https:\/\/aloxo.cl\/?product=repelente-aloxo-spray-165ml","og_locale":"es_ES","og_type":"article","og_title":"Polirepelente Aloxo Spray 165ml -","og_description":"Formato:\u00a0 Spray 160ml. Marca:\u00a0Aloxo. Descripci\u00f3n del producto:\u00a0El Polirepelente ALOXO Loci\u00f3n spray sin gas a 30% DEET, est\u00e1 formulado para dar una protecci\u00f3n efectiva y duradera de 8 horas y m\u00e1s. Esta loci\u00f3n es hipoalerg\u00e9nica y no grasa. ALOXO Polirepelente brinda seguridad contra las molestas y picaduras de zancudos, moscas, mosquitos, chinches, garrapatas, pulgas, t\u00e1banos, jejenes, [&hellip;]","og_url":"https:\/\/aloxo.cl\/?product=repelente-aloxo-spray-165ml","article_publisher":"https:\/\/web.facebook.com\/repelentealoxo","article_modified_time":"2025-06-25T20:55:30+00:00","og_image":[{"width":666,"height":666,"url":"https:\/\/aloxo.cl\/wp-content\/uploads\/2024\/01\/Aloxo-165-ml_ok_AGOTADO.png","type":"image\/png"}],"twitter_card":"summary_large_image","twitter_misc":{"Tiempo de lectura":"1 minuto"},"schema":{"@context":"https:\/\/schema.org","@graph":[{"@type":"WebPage","@id":"https:\/\/aloxo.cl\/?product=repelente-aloxo-spray-165ml","url":"https:\/\/aloxo.cl\/?product=repelente-aloxo-spray-165ml","name":"Polirepelente Aloxo Spray 165ml -","isPartOf":{"@id":"https:\/\/aloxo.cl\/#website"},"primaryImageOfPage":{"@id":"https:\/\/aloxo.cl\/?product=repelente-aloxo-spray-165ml#primaryimage"},"image":{"@id":"https:\/\/aloxo.cl\/?product=repelente-aloxo-spray-165ml#primaryimage"},"thumbnailUrl":"https:\/\/aloxo.cl\/wp-content\/uploads\/2024\/01\/Aloxo-165-ml_ok_AGOTADO.png","datePublished":"2024-01-11T13:14:53+00:00","dateModified":"2025-06-25T20:55:30+00:00","breadcrumb":{"@id":"https:\/\/aloxo.cl\/?product=repelente-aloxo-spray-165ml#breadcrumb"},"inLanguage":"es","potentialAction":[{"@type":"ReadAction","target":["https:\/\/aloxo.cl\/?product=repelente-aloxo-spray-165ml"]}]},{"@type":"ImageObject","inLanguage":"es","@id":"https:\/\/aloxo.cl\/?product=repelente-aloxo-spray-165ml#primaryimage","url":"https:\/\/aloxo.cl\/wp-content\/uploads\/2024\/01\/Aloxo-165-ml_ok_AGOTADO.png","contentUrl":"https:\/\/aloxo.cl\/wp-content\/uploads\/2024\/01\/Aloxo-165-ml_ok_AGOTADO.png","width":666,"height":666,"caption":"aloxo spray agotado"},{"@type":"BreadcrumbList","@id":"https:\/\/aloxo.cl\/?product=repelente-aloxo-spray-165ml#breadcrumb","itemListElement":[{"@type":"ListItem","position":1,"name":"Portada","item":"https:\/\/aloxo.cl\/"},{"@type":"ListItem","position":2,"name":"Tienda","item":"https:\/\/aloxo.cl\/?page_id=564"},{"@type":"ListItem","position":3,"name":"Polirepelente Aloxo Spray 165ml"}]},{"@type":"WebSite","@id":"https:\/\/aloxo.cl\/#website","url":"https:\/\/aloxo.cl\/","name":"ALOXO","description":"Te cuida a Ti y  al Medio Ambiente","publisher":{"@id":"https:\/\/aloxo.cl\/#organization"},"potentialAction":[{"@type":"SearchAction","target":{"@type":"EntryPoint","urlTemplate":"https:\/\/aloxo.cl\/?s={search_term_string}"},"query-input":{"@type":"PropertyValueSpecification","valueRequired":true,"valueName":"search_term_string"}}],"inLanguage":"es"},{"@type":"Organization","@id":"https:\/\/aloxo.cl\/#organization","name":"ALOXO","url":"https:\/\/aloxo.cl\/","logo":{"@type":"ImageObject","inLanguage":"es","@id":"https:\/\/aloxo.cl\/#\/schema\/logo\/image\/","url":"https:\/\/aloxo.cl\/wp-content\/uploads\/2019\/02\/cropped-portadas_web_aloxo_slider-LOGO.png","contentUrl":"https:\/\/aloxo.cl\/wp-content\/uploads\/2019\/02\/cropped-portadas_web_aloxo_slider-LOGO.png","width":1500,"height":801,"caption":"ALOXO"},"image":{"@id":"https:\/\/aloxo.cl\/#\/schema\/logo\/image\/"},"sameAs":["https:\/\/web.facebook.com\/repelentealoxo","https:\/\/www.instagram.com\/repelentealoxo\/"]}]}},"_links":{"self":[{"href":"https:\/\/aloxo.cl\/index.php?rest_route=\/wp\/v2\/product\/626","targetHints":{"allow":["GET"]}}],"collection":[{"href":"https:\/\/aloxo.cl\/index.php?rest_route=\/wp\/v2\/product"}],"about":[{"href":"https:\/\/aloxo.cl\/index.php?rest_route=\/wp\/v2\/types\/product"}],"replies":[{"embeddable":true,"href":"https:\/\/aloxo.cl\/index.php?rest_route=%2Fwp%2Fv2%2Fcomments&post=626"}],"wp:featuredmedia":[{"embeddable":true,"href":"https:\/\/aloxo.cl\/index.php?rest_route=\/wp\/v2\/media\/857"}],"wp:attachment":[{"href":"https:\/\/aloxo.cl\/index.php?rest_route=%2Fwp%2Fv2%2Fmedia&parent=626"}],"wp:term":[{"taxonomy":"product_brand","embeddable":true,"href":"https:\/\/aloxo.cl\/index.php?rest_route=%2Fwp%2Fv2%2Fproduct_brand&post=626"},{"taxonomy":"product_cat","embeddable":true,"href":"https:\/\/aloxo.cl\/index.php?rest_route=%2Fwp%2Fv2%2Fproduct_cat&post=626"},{"taxonomy":"product_tag","embeddable":true,"href":"https:\/\/aloxo.cl\/index.php?rest_route=%2Fwp%2Fv2%2Fproduct_tag&post=626"}],"curies":[{"name":"wp","href":"https:\/\/api.w.org\/{rel}","templated":true}]}}